{"id":106,"date":"2016-06-17T03:08:05","date_gmt":"2016-06-17T03:08:05","guid":{"rendered":"https:\/\/demo.wpthemego.com\/themes\/sw_paradise\/?page_id=106"},"modified":"2025-01-29T17:59:36","modified_gmt":"2025-01-29T17:59:36","slug":"contactanos","status":"publish","type":"page","link":"https:\/\/monteflorhon.com\/party\/contactanos\/","title":{"rendered":"Cont\u00e1ctanos"},"content":{"rendered":"<p>[vc_row][vc_column][vc_column_text]<img loading=\"lazy\" decoding=\"async\" src=\"https:\/\/monteflorhon.com\/party\/wp-content\/uploads\/2021\/01\/bg_breadcrumb.jpg\" sizes=\"auto, (max-width: 1170px) 100vw, 1170px\" srcset=\"https:\/\/monteflorhon.com\/party\/wp-content\/uploads\/2021\/01\/bg_breadcrumb.jpg 1170w, https:\/\/monteflorhon.com\/party\/wp-content\/uploads\/2021\/01\/bg_breadcrumb-300x51.jpg 300w, https:\/\/monteflorhon.com\/party\/wp-content\/uploads\/2021\/01\/bg_breadcrumb-1024x175.jpg 1024w, https:\/\/monteflorhon.com\/party\/wp-content\/uploads\/2021\/01\/bg_breadcrumb-768x131.jpg 768w, https:\/\/monteflorhon.com\/party\/wp-content\/uploads\/2021\/01\/bg_breadcrumb-600x103.jpg 600w\" alt=\"\" width=\"1170\" height=\"200\" \/><br \/>\n[\/vc_column_text][\/vc_column][\/vc_row][vc_row][vc_column width=\u00bb1\/2&#8243;][vc_column_text]<\/p>\n<h3>Cont\u00e1ctenos<\/h3>\n<p>Organizamos tus eventos<\/p>\n<ul>\n<li><strong>Parque Empresarial Anillo perif\u00e9rico, estaci\u00f3n de servicio UNO, local #2<\/strong><\/li>\n<li><a href=\"#\">+504 3342-5598<\/a><\/li>\n<li><a href=\"#\">party.events@monteflorhon.com<\/a><\/li>\n<\/ul>\n<p>[\/vc_column_text][vc_column_text]<\/p>\n<h3>Escr\u00edbenos<\/h3>\n<div role=\"form\" class=\"wpcf7\" id=\"wpcf7-f81-o1\" lang=\"es-ES\" dir=\"ltr\">\n<div class=\"screen-reader-response\"><p role=\"status\" aria-live=\"polite\" aria-atomic=\"true\"><\/p> <ul><\/ul><\/div>\n<form action=\"\/party\/wp-json\/wp\/v2\/pages\/106#wpcf7-f81-o1\" method=\"post\" class=\"wpcf7-form init\" novalidate=\"novalidate\" data-status=\"init\">\n<div style=\"display: none;\">\n<input type=\"hidden\" name=\"_wpcf7\" value=\"81\" \/>\n<input type=\"hidden\" name=\"_wpcf7_version\" value=\"5.5.4\" \/>\n<input type=\"hidden\" name=\"_wpcf7_locale\" value=\"es_ES\" \/>\n<input type=\"hidden\" name=\"_wpcf7_unit_tag\" value=\"wpcf7-f81-o1\" \/>\n<input type=\"hidden\" name=\"_wpcf7_container_post\" value=\"0\" \/>\n<input type=\"hidden\" name=\"_wpcf7_posted_data_hash\" value=\"\" \/>\n<\/div>\n<p><label> Tu nombre<br \/>\n    <span class=\"wpcf7-form-control-wrap your-name\"><input type=\"text\" name=\"your-name\" value=\"\" size=\"40\" class=\"wpcf7-form-control wpcf7-text wpcf7-validates-as-required\" aria-required=\"true\" aria-invalid=\"false\" \/><\/span> <\/label><\/p>\n<p><label> Tu correo electr\u00f3nico<br \/>\n    <span class=\"wpcf7-form-control-wrap your-email\"><input type=\"email\" name=\"your-email\" value=\"\" size=\"40\" class=\"wpcf7-form-control wpcf7-text wpcf7-email wpcf7-validates-as-required wpcf7-validates-as-email\" aria-required=\"true\" aria-invalid=\"false\" \/><\/span> <\/label><\/p>\n<p><label> Asunto<br \/>\n    <span class=\"wpcf7-form-control-wrap your-subject\"><input type=\"text\" name=\"your-subject\" value=\"\" size=\"40\" class=\"wpcf7-form-control wpcf7-text wpcf7-validates-as-required\" aria-required=\"true\" aria-invalid=\"false\" \/><\/span> <\/label><\/p>\n<p><label> Tu mensaje (opcional)<br \/>\n    <span class=\"wpcf7-form-control-wrap your-message\"><textarea name=\"your-message\" cols=\"40\" rows=\"10\" class=\"wpcf7-form-control wpcf7-textarea\" aria-invalid=\"false\"><\/textarea><\/span> <\/label><\/p>\n<p><input type=\"submit\" value=\"Enviar\" class=\"wpcf7-form-control has-spinner wpcf7-submit\" \/><\/p>\n<div class=\"wpcf7-response-output\" aria-hidden=\"true\"><\/div><\/form><\/div>[\/vc_column_text][\/vc_column][vc_column width=\u00bb1\/2&#8243;][vc_column_text]<iframe loading=\"lazy\" width=\"600\" height=\"450\" src=\"https:\/\/www.google.com\/maps\/embed?pb=!1m18!1m12!1m3!1d3870.442754925016!2d-87.20658508446013!3d14.05101259015436!2m3!1f0!2f0!3f0!3m2!1i1024!2i768!4f13.1!3m3!1m2!1s0x8f6fbddbcccceb87%3A0x12151826998e7ec4!2sMonteflor%20party%20%26%20events!5e0!3m2!1sen!2smx!4v1644504527289!5m2!1sen!2smx\"><\/iframe>[\/vc_column_text][\/vc_column][\/vc_row]<\/p>\n","protected":false},"excerpt":{"rendered":"<p>[vc_row][vc_column][vc_column_text] [\/vc_column_text][\/vc_column][\/vc_row][vc_row][vc_column width=\u00bb1\/2&#8243;][vc_column_text] Cont\u00e1ctenos Organizamos tus eventos Parque Empresarial Anillo perif\u00e9rico, estaci\u00f3n de servicio UNO, local #2 +504 3342-5598 party.events@monteflorhon.com [\/vc_column_text][vc_column_text] Escr\u00edbenos [\/vc_column_text][\/vc_column][vc_column width=\u00bb1\/2&#8243;][vc_column_text][\/vc_column_text][\/vc_column][\/vc_row]<\/p>\n","protected":false},"author":1,"featured_media":0,"parent":0,"menu_order":0,"comment_status":"closed","ping_status":"closed","template":"","meta":{"spay_email":"","footnotes":""},"class_list":["post-106","page","type-page","status-publish","hentry"],"_links":{"self":[{"href":"https:\/\/monteflorhon.com\/party\/wp-json\/wp\/v2\/pages\/106","targetHints":{"allow":["GET"]}}],"collection":[{"href":"https:\/\/monteflorhon.com\/party\/wp-json\/wp\/v2\/pages"}],"about":[{"href":"https:\/\/monteflorhon.com\/party\/wp-json\/wp\/v2\/types\/page"}],"author":[{"embeddable":true,"href":"https:\/\/monteflorhon.com\/party\/wp-json\/wp\/v2\/users\/1"}],"replies":[{"embeddable":true,"href":"https:\/\/monteflorhon.com\/party\/wp-json\/wp\/v2\/comments?post=106"}],"version-history":[{"count":7,"href":"https:\/\/monteflorhon.com\/party\/wp-json\/wp\/v2\/pages\/106\/revisions"}],"predecessor-version":[{"id":3477,"href":"https:\/\/monteflorhon.com\/party\/wp-json\/wp\/v2\/pages\/106\/revisions\/3477"}],"wp:attachment":[{"href":"https:\/\/monteflorhon.com\/party\/wp-json\/wp\/v2\/media?parent=106"}],"curies":[{"name":"wp","href":"https:\/\/api.w.org\/{rel}","templated":true}]}}