{"id":2982,"date":"2022-05-04T17:41:52","date_gmt":"2022-05-04T17:41:52","guid":{"rendered":"https:\/\/monteflorhon.com\/party\/?post_type=product&#038;p=2982"},"modified":"2025-04-29T22:34:03","modified_gmt":"2025-04-29T22:34:03","slug":"mpma-07-bano-de-amor","status":"publish","type":"product","link":"https:\/\/monteflorhon.com\/party\/producto\/mpma-07-bano-de-amor\/","title":{"rendered":"PZ-09 Brindis por ti"},"content":{"rendered":"<p>Hermoso Arreglo floral elaborado con 4 rosas y mini clavel, lo acompa\u00f1a VINO MIA media botella y jab\u00f3n org\u00e1nico (LOCCITAINE ) con su toallita. Expuesto en canasta de madera.<\/p>\n<div class=\"page\" title=\"Page 8\">\n<div class=\"layoutArea\">\n<div class=\"column\">\n<p>Dimensiones:<br \/>\n12&#8243; Altura y 10&#8243; ancho.<\/p>\n<\/div>\n<\/div>\n<\/div>\n","protected":false},"excerpt":{"rendered":"<p>Hermoso Arreglo floral elaborado con 4 rosas y mini clavel, lo acompa\u00f1a VINO MIA media botella y jab\u00f3n org\u00e1nico (LOCCITAINE ) con su toallita. Expuesto en canasta de madera. Dimensiones: 12&#8243; Altura y 10&#8243; ancho.<\/p>\n","protected":false},"featured_media":3290,"comment_status":"open","ping_status":"closed","template":"","meta":{"spay_email":""},"product_cat":[108,106],"product_tag":[],"class_list":["post-2982","product","type-product","status-publish","has-post-thumbnail","hentry","product_cat-para-mama","product_cat-personalizados"],"_links":{"self":[{"href":"https:\/\/monteflorhon.com\/party\/wp-json\/wp\/v2\/product\/2982","targetHints":{"allow":["GET"]}}],"collection":[{"href":"https:\/\/monteflorhon.com\/party\/wp-json\/wp\/v2\/product"}],"about":[{"href":"https:\/\/monteflorhon.com\/party\/wp-json\/wp\/v2\/types\/product"}],"replies":[{"embeddable":true,"href":"https:\/\/monteflorhon.com\/party\/wp-json\/wp\/v2\/comments?post=2982"}],"wp:featuredmedia":[{"embeddable":true,"href":"https:\/\/monteflorhon.com\/party\/wp-json\/wp\/v2\/media\/3290"}],"wp:attachment":[{"href":"https:\/\/monteflorhon.com\/party\/wp-json\/wp\/v2\/media?parent=2982"}],"wp:term":[{"taxonomy":"product_cat","embeddable":true,"href":"https:\/\/monteflorhon.com\/party\/wp-json\/wp\/v2\/product_cat?post=2982"},{"taxonomy":"product_tag","embeddable":true,"href":"https:\/\/monteflorhon.com\/party\/wp-json\/wp\/v2\/product_tag?post=2982"}],"curies":[{"name":"wp","href":"https:\/\/api.w.org\/{rel}","templated":true}]}}