{"id":3619,"date":"2025-02-18T10:54:29","date_gmt":"2025-02-18T16:54:29","guid":{"rendered":"https:\/\/monteflorhon.com\/store\/index.php\/product\/product-280\/"},"modified":"2026-02-26T11:33:04","modified_gmt":"2026-02-26T17:33:04","slug":"cu-15","status":"publish","type":"product","link":"https:\/\/monteflorhon.com\/store\/index.php\/product\/cu-15\/","title":{"rendered":"CU-15 Canto de Amor"},"content":{"rendered":"<div class=\"short-description\">\n<div class=\"std\">Dimensiones:<br \/>\n15&#8243; Altura y 14&#8243; ancho.<\/div>\n<\/div>\n<div class=\"product-description\">Melod\u00eda y flor, la perfecta combinaci\u00f3n de esta composici\u00f3n floral elaborada con 16 rosas de colores, hortensias y Lisianthus.<\/div>\n<div>\n<div class=\"product-type-data\">\n<p class=\"availability in-stock\">Disponibilidad: En existencia<\/p>\n<\/div>\n<\/div>\n","protected":false},"excerpt":{"rendered":"<div class=\"short-description\">\n<div class=\"std\">Dimensiones:<br \/>\n15&#8243; Altura y 14&#8243; ancho.<\/div>\n<\/div>\n<div class=\"product-description\">Melod\u00eda y flor, la perfecta combinaci\u00f3n de esta composici\u00f3n floral elaborada con 16 rosas de colores, hortensias y Lisianthus.<\/div>\n<div>\n<div class=\"product-type-data\">\n<p class=\"availability in-stock\">Disponibilidad: En existencia<\/p>\n<\/div>\n<\/div>\n","protected":false},"featured_media":3850,"comment_status":"open","ping_status":"closed","template":"","meta":[],"product_cat":[93,80],"product_tag":[],"class_list":{"0":"post-3619","1":"product","2":"type-product","3":"status-publish","4":"has-post-thumbnail","6":"product_cat-borradores-14-feb-2025","7":"product_cat-cumpleanos","9":"first","10":"instock","11":"shipping-taxable","12":"purchasable","13":"product-type-simple"},"_links":{"self":[{"href":"https:\/\/monteflorhon.com\/store\/index.php\/wp-json\/wp\/v2\/product\/3619","targetHints":{"allow":["GET"]}}],"collection":[{"href":"https:\/\/monteflorhon.com\/store\/index.php\/wp-json\/wp\/v2\/product"}],"about":[{"href":"https:\/\/monteflorhon.com\/store\/index.php\/wp-json\/wp\/v2\/types\/product"}],"replies":[{"embeddable":true,"href":"https:\/\/monteflorhon.com\/store\/index.php\/wp-json\/wp\/v2\/comments?post=3619"}],"wp:featuredmedia":[{"embeddable":true,"href":"https:\/\/monteflorhon.com\/store\/index.php\/wp-json\/wp\/v2\/media\/3850"}],"wp:attachment":[{"href":"https:\/\/monteflorhon.com\/store\/index.php\/wp-json\/wp\/v2\/media?parent=3619"}],"wp:term":[{"taxonomy":"product_cat","embeddable":true,"href":"https:\/\/monteflorhon.com\/store\/index.php\/wp-json\/wp\/v2\/product_cat?post=3619"},{"taxonomy":"product_tag","embeddable":true,"href":"https:\/\/monteflorhon.com\/store\/index.php\/wp-json\/wp\/v2\/product_tag?post=3619"}],"curies":[{"name":"wp","href":"https:\/\/api.w.org\/{rel}","templated":true}]}}