{"id":3624,"date":"2025-02-18T10:54:28","date_gmt":"2025-02-18T16:54:28","guid":{"rendered":"https:\/\/monteflorhon.com\/store\/index.php\/product\/product-285\/"},"modified":"2026-03-06T15:11:26","modified_gmt":"2026-03-06T21:11:26","slug":"cu-0049","status":"publish","type":"product","link":"https:\/\/monteflorhon.com\/store\/index.php\/product\/cu-0049\/","title":{"rendered":"CU-0049 Encanto de Ensuen\u0303o"},"content":{"rendered":"<div class=\"short-description\">\n<div>Descripci\u00f3n:<\/div>\n<\/div>\n<div class=\"product-description\">Imponente composici\u00f3n floral haciendo perfecto balance entre Orqu\u00eddeas Phalaenopsis, y 18 rosas de color rosado y peach, lleva como complemento mini claveles y lisianthus. Distinci\u00f3n y elegancia son sus adjetivos.<\/div>\n<div><\/div>\n<div>Dimensiones:<br \/>\nAlto 27\u201d X 24\u201d de ancho.<\/div>\n<div>\n<div class=\"short-description\">\n<div class=\"std\"><\/div>\n<\/div>\n<div><\/div>\n<\/div>\n","protected":false},"excerpt":{"rendered":"<div class=\"short-description\">\n<div class=\"std\">\n<div class=\"short-description\">\n<div>Descripci\u00f3n:<\/div>\n<\/div>\n<div class=\"product-description\">Imponente composici\u00f3n floral haciendo perfecto balance entre Orqu\u00eddeas Phalaenopsis, y 18 rosas de color rosado y peach, lleva como complemento mini claveles y lisianthus. Distinci\u00f3n y elegancia son sus adjetivos.<\/div>\n<div><\/div>\n<div>Dimensiones:<br \/>\nAlto 27\u201d X 24\u201d de ancho.<\/div>\n<\/div>\n<\/div>\n","protected":false},"featured_media":3839,"comment_status":"open","ping_status":"closed","template":"","meta":[],"product_cat":[93,80],"product_tag":[],"class_list":{"0":"post-3624","1":"product","2":"type-product","3":"status-publish","4":"has-post-thumbnail","6":"product_cat-borradores-14-feb-2025","7":"product_cat-cumpleanos","9":"first","10":"instock","11":"shipping-taxable","12":"purchasable","13":"product-type-simple"},"_links":{"self":[{"href":"https:\/\/monteflorhon.com\/store\/index.php\/wp-json\/wp\/v2\/product\/3624","targetHints":{"allow":["GET"]}}],"collection":[{"href":"https:\/\/monteflorhon.com\/store\/index.php\/wp-json\/wp\/v2\/product"}],"about":[{"href":"https:\/\/monteflorhon.com\/store\/index.php\/wp-json\/wp\/v2\/types\/product"}],"replies":[{"embeddable":true,"href":"https:\/\/monteflorhon.com\/store\/index.php\/wp-json\/wp\/v2\/comments?post=3624"}],"wp:featuredmedia":[{"embeddable":true,"href":"https:\/\/monteflorhon.com\/store\/index.php\/wp-json\/wp\/v2\/media\/3839"}],"wp:attachment":[{"href":"https:\/\/monteflorhon.com\/store\/index.php\/wp-json\/wp\/v2\/media?parent=3624"}],"wp:term":[{"taxonomy":"product_cat","embeddable":true,"href":"https:\/\/monteflorhon.com\/store\/index.php\/wp-json\/wp\/v2\/product_cat?post=3624"},{"taxonomy":"product_tag","embeddable":true,"href":"https:\/\/monteflorhon.com\/store\/index.php\/wp-json\/wp\/v2\/product_tag?post=3624"}],"curies":[{"name":"wp","href":"https:\/\/api.w.org\/{rel}","templated":true}]}}