{"id":3757,"date":"2025-02-18T10:54:26","date_gmt":"2025-02-18T16:54:26","guid":{"rendered":"https:\/\/monteflorhon.com\/store\/index.php\/product\/product-418\/"},"modified":"2026-02-17T10:47:06","modified_gmt":"2026-02-17T16:47:06","slug":"mm-11","status":"publish","type":"product","link":"https:\/\/monteflorhon.com\/store\/index.php\/product\/mm-11\/","title":{"rendered":"MM-11 Bella Creacio\u0301n"},"content":{"rendered":"<div class=\"short-description\">\n<div class=\"std\">Dimensiones:<br \/>\n20&#8243; Altura y 14&#8243; ancho.<\/div>\n<\/div>\n<div class=\"product-description\">Hermoso Arreglo floral elaborado con una orqu\u00eddea de dos stems (color seg\u00fan existencia) la acompa\u00f1a 12 rosas rosadas vendelas, tres gerberas y follajes complemento. Expuesto en canasta de fibr\u00e1n hecha a mano.<\/div>\n","protected":false},"excerpt":{"rendered":"<div class=\"short-description\">\n<div class=\"std\">Dimensiones:<br \/>\n20&#8243; Altura y 14&#8243; ancho.<\/div>\n<\/div>\n<div class=\"product-description\">Hermoso Arreglo floral elaborado con una orqu\u00eddea de dos stems (color seg\u00fan existencia) la acompa\u00f1a 12 rosas rosadas vendelas, tres gerberas y follajes complemento. Expuesto en canasta de fibr\u00e1n hecha a mano.<\/div>\n","protected":false},"featured_media":3915,"comment_status":"open","ping_status":"closed","template":"","meta":[],"product_cat":[93,80],"product_tag":[],"class_list":{"0":"post-3757","1":"product","2":"type-product","3":"status-publish","4":"has-post-thumbnail","6":"product_cat-borradores-14-feb-2025","7":"product_cat-cumpleanos","9":"first","10":"instock","11":"shipping-taxable","12":"purchasable","13":"product-type-simple"},"_links":{"self":[{"href":"https:\/\/monteflorhon.com\/store\/index.php\/wp-json\/wp\/v2\/product\/3757","targetHints":{"allow":["GET"]}}],"collection":[{"href":"https:\/\/monteflorhon.com\/store\/index.php\/wp-json\/wp\/v2\/product"}],"about":[{"href":"https:\/\/monteflorhon.com\/store\/index.php\/wp-json\/wp\/v2\/types\/product"}],"replies":[{"embeddable":true,"href":"https:\/\/monteflorhon.com\/store\/index.php\/wp-json\/wp\/v2\/comments?post=3757"}],"wp:featuredmedia":[{"embeddable":true,"href":"https:\/\/monteflorhon.com\/store\/index.php\/wp-json\/wp\/v2\/media\/3915"}],"wp:attachment":[{"href":"https:\/\/monteflorhon.com\/store\/index.php\/wp-json\/wp\/v2\/media?parent=3757"}],"wp:term":[{"taxonomy":"product_cat","embeddable":true,"href":"https:\/\/monteflorhon.com\/store\/index.php\/wp-json\/wp\/v2\/product_cat?post=3757"},{"taxonomy":"product_tag","embeddable":true,"href":"https:\/\/monteflorhon.com\/store\/index.php\/wp-json\/wp\/v2\/product_tag?post=3757"}],"curies":[{"name":"wp","href":"https:\/\/api.w.org\/{rel}","templated":true}]}}