{"id":3761,"date":"2025-02-18T10:54:25","date_gmt":"2025-02-18T16:54:25","guid":{"rendered":"https:\/\/monteflorhon.com\/store\/index.php\/product\/product-422\/"},"modified":"2026-02-26T11:38:02","modified_gmt":"2026-02-26T17:38:02","slug":"mm-17","status":"publish","type":"product","link":"https:\/\/monteflorhon.com\/store\/index.php\/product\/mm-17\/","title":{"rendered":"MM-17 Muchosidad"},"content":{"rendered":"<div class=\"short-description\">\n<div class=\"std\">Dimensiones:<br \/>\n14&#8243; Altura y 7&#8243; ancho.<\/div>\n<\/div>\n<div class=\"product-description\">Alegre composici\u00f3n floral elaborada con 12 rosas de colores haciendo armon\u00eda con lisianthus, pampas, gram\u00edneas y follajes verdes.<\/div>\n","protected":false},"excerpt":{"rendered":"<div class=\"short-description\">\n<div class=\"std\">Dimensiones:<br \/>\n14&#8243; Altura y 7&#8243; ancho.<\/div>\n<\/div>\n<div class=\"product-description\">Alegre composici\u00f3n floral elaborada con 12 rosas de colores haciendo armon\u00eda con lisianthus, pampas, gram\u00edneas y follajes verdes.<\/div>\n","protected":false},"featured_media":3923,"comment_status":"open","ping_status":"closed","template":"","meta":[],"product_cat":[93,80],"product_tag":[],"class_list":{"0":"post-3761","1":"product","2":"type-product","3":"status-publish","4":"has-post-thumbnail","6":"product_cat-borradores-14-feb-2025","7":"product_cat-cumpleanos","9":"first","10":"instock","11":"shipping-taxable","12":"purchasable","13":"product-type-simple"},"_links":{"self":[{"href":"https:\/\/monteflorhon.com\/store\/index.php\/wp-json\/wp\/v2\/product\/3761","targetHints":{"allow":["GET"]}}],"collection":[{"href":"https:\/\/monteflorhon.com\/store\/index.php\/wp-json\/wp\/v2\/product"}],"about":[{"href":"https:\/\/monteflorhon.com\/store\/index.php\/wp-json\/wp\/v2\/types\/product"}],"replies":[{"embeddable":true,"href":"https:\/\/monteflorhon.com\/store\/index.php\/wp-json\/wp\/v2\/comments?post=3761"}],"wp:featuredmedia":[{"embeddable":true,"href":"https:\/\/monteflorhon.com\/store\/index.php\/wp-json\/wp\/v2\/media\/3923"}],"wp:attachment":[{"href":"https:\/\/monteflorhon.com\/store\/index.php\/wp-json\/wp\/v2\/media?parent=3761"}],"wp:term":[{"taxonomy":"product_cat","embeddable":true,"href":"https:\/\/monteflorhon.com\/store\/index.php\/wp-json\/wp\/v2\/product_cat?post=3761"},{"taxonomy":"product_tag","embeddable":true,"href":"https:\/\/monteflorhon.com\/store\/index.php\/wp-json\/wp\/v2\/product_tag?post=3761"}],"curies":[{"name":"wp","href":"https:\/\/api.w.org\/{rel}","templated":true}]}}