{"id":3772,"date":"2024-02-08T09:39:15","date_gmt":"2024-02-08T15:39:15","guid":{"rendered":"https:\/\/monteflorhon.com\/store\/index.php\/product\/product-433\/"},"modified":"2025-02-02T12:06:45","modified_gmt":"2025-02-02T18:06:45","slug":"wa-08","status":"publish","type":"product","link":"https:\/\/monteflorhon.com\/store\/index.php\/product\/wa-08\/","title":{"rendered":"WA-08 Vino Tinto"},"content":{"rendered":"<div class=\"short-description\">\n<div class=\"std\">Dimensiones:<br \/>\nAltura 13\u201d y ancho 9\u201d.<\/div>\n<div><\/div>\n<\/div>\n<div class=\"product-description\">Bello arreglo floral elaborado con 3 rosas de colores, lirio y mini clavel. Expuesto en base de cart\u00f3n comprimido posada. Incluye r\u00f3tulo de ocasi\u00f3n.<\/div>\n","protected":false},"excerpt":{"rendered":"<p>Dimensiones:<br \/>\nAltura 13\u201d y ancho 9\u201d.<\/p>\n","protected":false},"featured_media":3791,"comment_status":"open","ping_status":"closed","template":"","meta":[],"product_cat":[15],"product_tag":[],"class_list":{"0":"post-3772","1":"product","2":"type-product","3":"status-publish","4":"has-post-thumbnail","6":"product_cat-uncategorized","8":"first","9":"instock","10":"shipping-taxable","11":"purchasable","12":"product-type-simple"},"_links":{"self":[{"href":"https:\/\/monteflorhon.com\/store\/index.php\/wp-json\/wp\/v2\/product\/3772","targetHints":{"allow":["GET"]}}],"collection":[{"href":"https:\/\/monteflorhon.com\/store\/index.php\/wp-json\/wp\/v2\/product"}],"about":[{"href":"https:\/\/monteflorhon.com\/store\/index.php\/wp-json\/wp\/v2\/types\/product"}],"replies":[{"embeddable":true,"href":"https:\/\/monteflorhon.com\/store\/index.php\/wp-json\/wp\/v2\/comments?post=3772"}],"wp:featuredmedia":[{"embeddable":true,"href":"https:\/\/monteflorhon.com\/store\/index.php\/wp-json\/wp\/v2\/media\/3791"}],"wp:attachment":[{"href":"https:\/\/monteflorhon.com\/store\/index.php\/wp-json\/wp\/v2\/media?parent=3772"}],"wp:term":[{"taxonomy":"product_cat","embeddable":true,"href":"https:\/\/monteflorhon.com\/store\/index.php\/wp-json\/wp\/v2\/product_cat?post=3772"},{"taxonomy":"product_tag","embeddable":true,"href":"https:\/\/monteflorhon.com\/store\/index.php\/wp-json\/wp\/v2\/product_tag?post=3772"}],"curies":[{"name":"wp","href":"https:\/\/api.w.org\/{rel}","templated":true}]}}