{"id":4979,"date":"2025-05-05T11:35:26","date_gmt":"2025-05-05T17:35:26","guid":{"rendered":"https:\/\/monteflorhon.com\/store\/?post_type=product&#038;p=4979"},"modified":"2026-02-17T10:47:03","modified_gmt":"2026-02-17T16:47:03","slug":"ep-100-jardin-de-ensueno","status":"publish","type":"product","link":"https:\/\/monteflorhon.com\/store\/index.php\/product\/ep-100-jardin-de-ensueno\/","title":{"rendered":"EP-100 Jardin de Ensue\u00f1o"},"content":{"rendered":"<p class=\"cvGsUA direction-ltr align-start para-style-body\"><span class=\"OYPEnA font-feature-liga-off font-feature-clig-off font-feature-calt-off text-decoration-none text-strikethrough-none\">Este elegante y sofisticado arreglo floral y se presenta en base circular de madera estilo moderno, adornada con dos lagrimas de cristal colgante, creando ese contraste c\u00e1lido y natural con la frescura de las flores. El arreglo est\u00e1 compuesto en armoniosa combinaci\u00f3n de flores frescas entre ellas los lirios casa blanca, rosas, claveles y lisianthus.<\/span><\/p>\n<p class=\"cvGsUA direction-ltr align-start para-style-body\">\n<p class=\"cvGsUA direction-ltr align-start para-style-body\"><span class=\"OYPEnA font-feature-liga-off font-feature-clig-off font-feature-calt-off text-decoration-none text-strikethrough-none\">Dimensio\u0301n:<\/span><\/p>\n<p class=\"cvGsUA direction-ltr align-start para-style-body\"><span class=\"OYPEnA font-feature-liga-off font-feature-clig-off font-feature-calt-off text-decoration-none text-strikethrough-none\">\u2019\u2019 26 Alto y 24\u201d Ancho<\/span><\/p>\n<p class=\"cvGsUA direction-ltr align-start para-style-body\">\n","protected":false},"excerpt":{"rendered":"<p class=\"cvGsUA direction-ltr align-start para-style-body\"><span class=\"OYPEnA font-feature-liga-off font-feature-clig-off font-feature-calt-off text-decoration-none text-strikethrough-none\">Este elegante y sofisticado arreglo floral y se presenta en base circular de madera estilo moderno, adornada con dos lagrimas de cristal colgante, creando ese contraste c\u00e1lido y natural con la frescura de las flores. El arreglo est\u00e1 compuesto en armoniosa combinaci\u00f3n de flores frescas entre ellas los lirios casa blanca, rosas, claveles y lisianthus.<\/span><\/p>\n<p class=\"cvGsUA direction-ltr align-start para-style-body\"><span class=\"OYPEnA font-feature-liga-off font-feature-clig-off font-feature-calt-off text-decoration-none text-strikethrough-none\">Dimensio\u0301n:<\/span><\/p>\n<p class=\"cvGsUA direction-ltr align-start para-style-body\"><span class=\"OYPEnA font-feature-liga-off font-feature-clig-off font-feature-calt-off text-decoration-none text-strikethrough-none\">\u2019\u2019 26 Alto y 24\u201d Ancho<\/span><\/p>\n<p class=\"cvGsUA direction-ltr align-start para-style-body\">\n","protected":false},"featured_media":4980,"comment_status":"open","ping_status":"closed","template":"","meta":[],"product_cat":[80],"product_tag":[],"class_list":{"0":"post-4979","1":"product","2":"type-product","3":"status-publish","4":"has-post-thumbnail","6":"product_cat-cumpleanos","8":"first","9":"instock","10":"shipping-taxable","11":"purchasable","12":"product-type-simple"},"_links":{"self":[{"href":"https:\/\/monteflorhon.com\/store\/index.php\/wp-json\/wp\/v2\/product\/4979","targetHints":{"allow":["GET"]}}],"collection":[{"href":"https:\/\/monteflorhon.com\/store\/index.php\/wp-json\/wp\/v2\/product"}],"about":[{"href":"https:\/\/monteflorhon.com\/store\/index.php\/wp-json\/wp\/v2\/types\/product"}],"replies":[{"embeddable":true,"href":"https:\/\/monteflorhon.com\/store\/index.php\/wp-json\/wp\/v2\/comments?post=4979"}],"wp:featuredmedia":[{"embeddable":true,"href":"https:\/\/monteflorhon.com\/store\/index.php\/wp-json\/wp\/v2\/media\/4980"}],"wp:attachment":[{"href":"https:\/\/monteflorhon.com\/store\/index.php\/wp-json\/wp\/v2\/media?parent=4979"}],"wp:term":[{"taxonomy":"product_cat","embeddable":true,"href":"https:\/\/monteflorhon.com\/store\/index.php\/wp-json\/wp\/v2\/product_cat?post=4979"},{"taxonomy":"product_tag","embeddable":true,"href":"https:\/\/monteflorhon.com\/store\/index.php\/wp-json\/wp\/v2\/product_tag?post=4979"}],"curies":[{"name":"wp","href":"https:\/\/api.w.org\/{rel}","templated":true}]}}