{"id":5225,"date":"2026-03-13T10:53:37","date_gmt":"2026-03-13T16:53:37","guid":{"rendered":"https:\/\/monteflorhon.com\/store\/?post_type=product&#038;p=5225"},"modified":"2026-03-13T11:04:39","modified_gmt":"2026-03-13T17:04:39","slug":"pa-17-deseos-de-amor","status":"publish","type":"product","link":"https:\/\/monteflorhon.com\/store\/index.php\/product\/pa-17-deseos-de-amor\/","title":{"rendered":"PA-17 Deseos de amor"},"content":{"rendered":"<p class=\"p1\">Ramo floral dise\u00f1o elaborado con 2 rosas rojas, mini clavel y girasol.<\/p>\n<p class=\"p1\">Acompa\u00f1ado de globo de ocasi\u00f3n y pastel de vanilla con relleno de dulce de leche. (Personalizaci\u00f3n en el pastel con un d\u00eda de anticipaci\u00f3n).<\/p>\n","protected":false},"excerpt":{"rendered":"<p class=\"p1\">Ramo floral dise\u00f1o elaborado con 2 rosas rojas, mini clavel y girasol.<\/p>\n<p class=\"p1\">Acompa\u00f1ado de globo de ocasi\u00f3n y pastel de vanilla con relleno de dulce de leche. (Personalizaci\u00f3n en el pastel con un dia de anticipaci\u00f3n).<\/p>\n","protected":false},"featured_media":5229,"comment_status":"open","ping_status":"closed","template":"","meta":[],"product_cat":[48,89],"product_tag":[],"class_list":{"0":"post-5225","1":"product","2":"type-product","3":"status-publish","4":"has-post-thumbnail","6":"product_cat-caballeros","7":"product_cat-para-caballeros","9":"first","10":"instock","11":"shipping-taxable","12":"purchasable","13":"product-type-simple"},"_links":{"self":[{"href":"https:\/\/monteflorhon.com\/store\/index.php\/wp-json\/wp\/v2\/product\/5225","targetHints":{"allow":["GET"]}}],"collection":[{"href":"https:\/\/monteflorhon.com\/store\/index.php\/wp-json\/wp\/v2\/product"}],"about":[{"href":"https:\/\/monteflorhon.com\/store\/index.php\/wp-json\/wp\/v2\/types\/product"}],"replies":[{"embeddable":true,"href":"https:\/\/monteflorhon.com\/store\/index.php\/wp-json\/wp\/v2\/comments?post=5225"}],"wp:featuredmedia":[{"embeddable":true,"href":"https:\/\/monteflorhon.com\/store\/index.php\/wp-json\/wp\/v2\/media\/5229"}],"wp:attachment":[{"href":"https:\/\/monteflorhon.com\/store\/index.php\/wp-json\/wp\/v2\/media?parent=5225"}],"wp:term":[{"taxonomy":"product_cat","embeddable":true,"href":"https:\/\/monteflorhon.com\/store\/index.php\/wp-json\/wp\/v2\/product_cat?post=5225"},{"taxonomy":"product_tag","embeddable":true,"href":"https:\/\/monteflorhon.com\/store\/index.php\/wp-json\/wp\/v2\/product_tag?post=5225"}],"curies":[{"name":"wp","href":"https:\/\/api.w.org\/{rel}","templated":true}]}}