{"id":5255,"date":"2026-04-25T19:44:51","date_gmt":"2026-04-26T01:44:51","guid":{"rendered":"https:\/\/monteflorhon.com\/store\/?post_type=product&#038;p=5255"},"modified":"2026-04-25T20:27:39","modified_gmt":"2026-04-26T02:27:39","slug":"ep-125-jardin-secreto","status":"publish","type":"product","link":"https:\/\/monteflorhon.com\/store\/index.php\/product\/ep-125-jardin-secreto\/","title":{"rendered":"EP-125 Jard\u00edn secreto"},"content":{"rendered":"<p class=\"p1\">Descripci\u00f3n:<\/p>\n<p class=\"p2\">Dise\u00f1o arquitect\u00f3nico de jard\u00edn horizontal<\/p>\n<p class=\"p2\">elaborado con hermosas rosas rojas y mini<\/p>\n<p class=\"p2\">rosas que crean balance y armon\u00eda.<\/p>\n<p class=\"p2\">Expuesta en base original Monteflor de<\/p>\n<p class=\"p2\">hierro y madera. Cuelgan de la base vainas<\/p>\n<p class=\"p2\">naturales.<\/p>\n<p class=\"p1\">Dimensiones:<\/p>\n<p class=\"p3\">22\u2033 Altura y 22\u2033 ancho.<\/p>\n","protected":false},"excerpt":{"rendered":"<p class=\"p1\">Descripci\u00f3n:<\/p>\n<p class=\"p2\">Dise\u00f1o arquitect\u00f3nico de jard\u00edn horizontal<\/p>\n<p class=\"p2\">elaborado con hermosas rosas rojas y mini<\/p>\n<p class=\"p2\">rosas que crean balance y armon\u00eda.<\/p>\n<p class=\"p2\">Expuesta en base original Monteflor de<\/p>\n<p class=\"p2\">hierro y madera. Cuelgan de la base vainas<\/p>\n<p class=\"p2\">naturales.<\/p>\n<p class=\"p1\">Dimensiones:<\/p>\n<p class=\"p3\">22\u2033 Altura y 22\u2033 ancho.<\/p>\n","protected":false},"featured_media":5256,"comment_status":"open","ping_status":"closed","template":"","meta":[],"product_cat":[94],"product_tag":[],"class_list":{"0":"post-5255","1":"product","2":"type-product","3":"status-publish","4":"has-post-thumbnail","6":"product_cat-para-mama","8":"first","9":"instock","10":"shipping-taxable","11":"purchasable","12":"product-type-simple"},"_links":{"self":[{"href":"https:\/\/monteflorhon.com\/store\/index.php\/wp-json\/wp\/v2\/product\/5255","targetHints":{"allow":["GET"]}}],"collection":[{"href":"https:\/\/monteflorhon.com\/store\/index.php\/wp-json\/wp\/v2\/product"}],"about":[{"href":"https:\/\/monteflorhon.com\/store\/index.php\/wp-json\/wp\/v2\/types\/product"}],"replies":[{"embeddable":true,"href":"https:\/\/monteflorhon.com\/store\/index.php\/wp-json\/wp\/v2\/comments?post=5255"}],"wp:featuredmedia":[{"embeddable":true,"href":"https:\/\/monteflorhon.com\/store\/index.php\/wp-json\/wp\/v2\/media\/5256"}],"wp:attachment":[{"href":"https:\/\/monteflorhon.com\/store\/index.php\/wp-json\/wp\/v2\/media?parent=5255"}],"wp:term":[{"taxonomy":"product_cat","embeddable":true,"href":"https:\/\/monteflorhon.com\/store\/index.php\/wp-json\/wp\/v2\/product_cat?post=5255"},{"taxonomy":"product_tag","embeddable":true,"href":"https:\/\/monteflorhon.com\/store\/index.php\/wp-json\/wp\/v2\/product_tag?post=5255"}],"curies":[{"name":"wp","href":"https:\/\/api.w.org\/{rel}","templated":true}]}}