{"id":5257,"date":"2026-04-25T20:36:54","date_gmt":"2026-04-26T02:36:54","guid":{"rendered":"https:\/\/monteflorhon.com\/store\/?post_type=product&#038;p=5257"},"modified":"2026-04-25T20:36:54","modified_gmt":"2026-04-26T02:36:54","slug":"ep-126-rueca-de-jardin","status":"publish","type":"product","link":"https:\/\/monteflorhon.com\/store\/index.php\/product\/ep-126-rueca-de-jardin\/","title":{"rendered":"EP-126 Rueca de jard\u00edn"},"content":{"rendered":"<p class=\"p1\">Descripci\u00f3n:<\/p>\n<p class=\"p2\">Dise\u00f1o que recrea un jard\u00edn vibrante, en rueca pintada a mano, dise\u00f1o Monteflor con flores destacadas como<\/p>\n<p class=\"p2\">la rosa roja, crisantemos y planta de<\/p>\n<p class=\"p2\">lazos de amor, aporta frescura.<\/p>\n<p class=\"p1\">Dimensiones:<\/p>\n<p class=\"p2\">17\u2033 de alto y 14\u2033 de ancho.<\/p>\n","protected":false},"excerpt":{"rendered":"<p class=\"p1\">Descripci\u00f3n:<\/p>\n<p class=\"p2\">Dise\u00f1o que recrea un jard\u00edn vibrante,<\/p>\n<p class=\"p2\">en rueca pintada a mano, dise\u00f1o<\/p>\n<p class=\"p2\">Monteflor con flores destacadas como<\/p>\n<p class=\"p2\">la rosa roja, crisantemos y planta de<\/p>\n<p class=\"p2\">lazos de amor, aporta frescura.<\/p>\n<p class=\"p1\">Dimensiones:<\/p>\n<p class=\"p2\">17\u2033 de alto y 14\u2033 de ancho.<\/p>\n","protected":false},"featured_media":5259,"comment_status":"open","ping_status":"closed","template":"","meta":[],"product_cat":[94],"product_tag":[],"class_list":{"0":"post-5257","1":"product","2":"type-product","3":"status-publish","4":"has-post-thumbnail","6":"product_cat-para-mama","8":"first","9":"instock","10":"shipping-taxable","11":"purchasable","12":"product-type-simple"},"_links":{"self":[{"href":"https:\/\/monteflorhon.com\/store\/index.php\/wp-json\/wp\/v2\/product\/5257","targetHints":{"allow":["GET"]}}],"collection":[{"href":"https:\/\/monteflorhon.com\/store\/index.php\/wp-json\/wp\/v2\/product"}],"about":[{"href":"https:\/\/monteflorhon.com\/store\/index.php\/wp-json\/wp\/v2\/types\/product"}],"replies":[{"embeddable":true,"href":"https:\/\/monteflorhon.com\/store\/index.php\/wp-json\/wp\/v2\/comments?post=5257"}],"wp:featuredmedia":[{"embeddable":true,"href":"https:\/\/monteflorhon.com\/store\/index.php\/wp-json\/wp\/v2\/media\/5259"}],"wp:attachment":[{"href":"https:\/\/monteflorhon.com\/store\/index.php\/wp-json\/wp\/v2\/media?parent=5257"}],"wp:term":[{"taxonomy":"product_cat","embeddable":true,"href":"https:\/\/monteflorhon.com\/store\/index.php\/wp-json\/wp\/v2\/product_cat?post=5257"},{"taxonomy":"product_tag","embeddable":true,"href":"https:\/\/monteflorhon.com\/store\/index.php\/wp-json\/wp\/v2\/product_tag?post=5257"}],"curies":[{"name":"wp","href":"https:\/\/api.w.org\/{rel}","templated":true}]}}